{"id":7953,"date":"2025-05-28T04:53:53","date_gmt":"2025-05-28T04:53:53","guid":{"rendered":"http:\/\/localhost:10003\/?page_id=7953"},"modified":"2026-04-06T09:31:10","modified_gmt":"2026-04-06T13:31:10","slug":"documentos-institucionales","status":"publish","type":"page","link":"https:\/\/denhamschool.cl\/en\/documentos-institucionales\/","title":{"rendered":"Institutional documents"},"content":{"rendered":"<div id=\"fws_69ee4d20ceec7\"  data-column-margin=\"default\" data-midnight=\"dark\" data-top-percent=\"8%\" data-bottom-percent=\"8%\"  class=\"wpb_row vc_row-fluid vc_row full-width-section\"  style=\"padding-top: calc(100vw * 0.08); padding-bottom: calc(100vw * 0.08); \"><div class=\"row-bg-wrap\" data-bg-animation=\"none\" data-bg-animation-delay=\"\" data-bg-overlay=\"false\"><div class=\"inner-wrap row-bg-layer\" ><div class=\"row-bg viewport-desktop using-bg-color\"  style=\"background-color: #ffffff; \"><\/div><\/div><\/div><div class=\"row_col_wrap_12 col span_12 dark left\">\n\t<div  class=\"vc_col-sm-12 wpb_column column_container vc_column_container col no-extra-padding inherit_tablet inherit_phone\"  data-padding-pos=\"all\" data-has-bg-color=\"false\" data-bg-color=\"\" data-bg-opacity=\"1\" data-animation=\"\" data-delay=\"0\" >\n\t\t<div class=\"vc_column-inner\" >\n\t\t\t<div class=\"wpb_wrapper\">\n\t\t\t\t<div id=\"fws_69ee4d20cf800\" data-midnight=\"\" data-column-margin=\"default\" class=\"wpb_row vc_row-fluid vc_row inner_row\"  style=\"\"><div class=\"row-bg-wrap\"> <div class=\"row-bg\" ><\/div> <\/div><div class=\"row_col_wrap_12_inner col span_12  left\">\n\t<div  class=\"vc_col-sm-2 wpb_column column_container vc_column_container col child_column has-animation no-extra-padding inherit_tablet inherit_phone\"   data-padding-pos=\"all\" data-has-bg-color=\"false\" data-bg-color=\"\" data-bg-opacity=\"1\" data-animation=\"fade-in-from-bottom\" data-delay=\"0\" >\n\t\t<div class=\"vc_column-inner\" >\n\t\t<div class=\"wpb_wrapper\">\n\t\t\t\n\t\t<\/div> \n\t<\/div>\n\t<\/div> \n\n\t<div  class=\"vc_col-sm-8 wpb_column column_container vc_column_container col child_column has-animation no-extra-padding inherit_tablet inherit_phone\"   data-padding-pos=\"all\" data-has-bg-color=\"false\" data-bg-color=\"\" data-bg-opacity=\"1\" data-animation=\"fade-in-from-bottom\" data-delay=\"0\" >\n\t\t<div class=\"vc_column-inner\" >\n\t\t<div class=\"wpb_wrapper\">\n\t\t\t<h2 style=\"font-size: 48px;line-height: 57px;text-align: center\" class=\"vc_custom_heading\" >Institutional documents<\/h2>\n\t\t<\/div> \n\t<\/div>\n\t<\/div> \n\n\t<div  class=\"vc_col-sm-2 wpb_column column_container vc_column_container col child_column no-extra-padding inherit_tablet inherit_phone\"   data-padding-pos=\"all\" data-has-bg-color=\"false\" data-bg-color=\"\" data-bg-opacity=\"1\" data-animation=\"\" data-delay=\"0\" >\n\t\t<div class=\"vc_column-inner\" >\n\t\t<div class=\"wpb_wrapper\">\n\t\t\t\n\t\t<\/div> \n\t<\/div>\n\t<\/div> \n<\/div><\/div><div id=\"fws_69ee4d20d0b46\" data-midnight=\"\" data-column-margin=\"none\" class=\"wpb_row vc_row-fluid vc_row inner_row\"  style=\"\"><div class=\"row-bg-wrap\"> <div class=\"row-bg\" ><\/div> <\/div><div class=\"row_col_wrap_12_inner col span_12  left\">\n\t<div  class=\"vc_col-sm-12 wpb_column column_container vc_column_container col child_column has-animation no-extra-padding inherit_tablet inherit_phone\"   data-padding-pos=\"all\" data-has-bg-color=\"false\" data-bg-color=\"\" data-bg-opacity=\"1\" data-animation=\"fade-in-from-bottom\" data-delay=\"0\" >\n\t\t<div class=\"vc_column-inner\" >\n\t\t<div class=\"wpb_wrapper\">\n\t\t\t<div class=\"nectar-hor-list-item has-btn\" data-hover-effect=\"full_border\" data-br=\"5px\" data-font-family=\"p\" data-color=\"accent-color\" data-columns=\"4\" data-column-layout=\"large_first\"><div class=\"nectar-list-item\" data-icon=\"true\" data-text-align=\"left\"><span class=\"im-icon-wrap item-icon\" data-size=\"large\"><span><svg role=\"presentation\" version=\"1.1\" xmlns=\"http:\/\/www.w3.org\/2000\/svg\" width=\"32\" height=\"32\" viewbox=\"0 0 32 32\">\n        <path d=\"M25.333 32h-22.667c-0.368 0-0.667-0.3-0.667-0.667v-20.557c0-0.164 0.060-0.321 0.169-0.444l6.667-7.443c0.127-0.141 0.307-0.223 0.497-0.223h16c0.367 0 0.667 0.299 0.667 0.667v28c0 0.367-0.3 0.667-0.667 0.667zM3.333 30.667h21.333v-26.667h-15.035l-6.299 7.031v19.636zM29.333 29.333h-3.333c-0.367 0-0.667-0.3-0.667-0.667s0.3-0.667 0.667-0.667h2.667v-26.667h-15.045l-2.311 2.457c-0.253 0.268-0.675 0.28-0.943 0.028s-0.28-0.675-0.028-0.943l2.508-2.667c0.127-0.135 0.304-0.209 0.485-0.209h16c0.367 0 0.667 0.299 0.667 0.667v28c0 0.367-0.3 0.667-0.667 0.667zM9.333 12h-6c-0.368 0-0.667-0.299-0.667-0.667s0.299-0.667 0.667-0.667h5.333v-6.667c0-0.368 0.299-0.667 0.667-0.667s0.667 0.299 0.667 0.667v7.333c0 0.368-0.299 0.667-0.667 0.667z\"><\/path>\n        <\/svg><\/span><\/span><h3>Regulation<\/h3><\/div><div class=\"nectar-list-item\" data-text-align=\"left\">Reglamento de evaluaci\u00f3n Denham School 2026<\/div><div class=\"nectar-list-item\" data-text-align=\"right\"><h4><\/h4><\/div><div class=\"nectar-list-item\" data-text-align=\"right\"><a class=\"nectar-list-item-btn\" href=\"https:\/\/denhamschool.cl\/wp-content\/uploads\/2026\/04\/Reglamento-Evaluacion-2026-DS_compressed.pdf\" >Download<\/a><\/div><\/div>\n\t\t<\/div> \n\t<\/div>\n\t<\/div> \n<\/div><\/div><div id=\"fws_69ee4d20d1d87\" data-midnight=\"\" data-column-margin=\"none\" class=\"wpb_row vc_row-fluid vc_row inner_row\"  style=\"\"><div class=\"row-bg-wrap\"> <div class=\"row-bg\" ><\/div> <\/div><div class=\"row_col_wrap_12_inner col span_12  left\">\n\t<div  class=\"vc_col-sm-12 wpb_column column_container vc_column_container col child_column has-animation no-extra-padding inherit_tablet inherit_phone\"   data-padding-pos=\"all\" data-has-bg-color=\"false\" data-bg-color=\"\" data-bg-opacity=\"1\" data-animation=\"fade-in-from-bottom\" data-delay=\"0\" >\n\t\t<div class=\"vc_column-inner\" >\n\t\t<div class=\"wpb_wrapper\">\n\t\t\t<div class=\"nectar-hor-list-item has-btn\" data-hover-effect=\"full_border\" data-br=\"5px\" data-font-family=\"p\" data-color=\"accent-color\" data-columns=\"4\" data-column-layout=\"large_first\"><div class=\"nectar-list-item\" data-icon=\"true\" data-text-align=\"left\"><span class=\"im-icon-wrap item-icon\" data-size=\"large\"><span><svg role=\"presentation\" version=\"1.1\" xmlns=\"http:\/\/www.w3.org\/2000\/svg\" width=\"32\" height=\"32\" viewbox=\"0 0 32 32\">\n        <path d=\"M25.333 32h-22.667c-0.368 0-0.667-0.3-0.667-0.667v-20.557c0-0.164 0.060-0.321 0.169-0.444l6.667-7.443c0.127-0.141 0.307-0.223 0.497-0.223h16c0.367 0 0.667 0.299 0.667 0.667v28c0 0.367-0.3 0.667-0.667 0.667zM3.333 30.667h21.333v-26.667h-15.035l-6.299 7.031v19.636zM29.333 29.333h-3.333c-0.367 0-0.667-0.3-0.667-0.667s0.3-0.667 0.667-0.667h2.667v-26.667h-15.045l-2.311 2.457c-0.253 0.268-0.675 0.28-0.943 0.028s-0.28-0.675-0.028-0.943l2.508-2.667c0.127-0.135 0.304-0.209 0.485-0.209h16c0.367 0 0.667 0.299 0.667 0.667v28c0 0.367-0.3 0.667-0.667 0.667zM9.333 12h-6c-0.368 0-0.667-0.299-0.667-0.667s0.299-0.667 0.667-0.667h5.333v-6.667c0-0.368 0.299-0.667 0.667-0.667s0.667 0.299 0.667 0.667v7.333c0 0.368-0.299 0.667-0.667 0.667z\"><\/path>\n        <\/svg><\/span><\/span><h3>School coexistence<\/h3><\/div><div class=\"nectar-list-item\" data-text-align=\"left\">Plan de gesti\u00f3n de la convivencia escolar en actualizaci\u00f3n<\/div><div class=\"nectar-list-item\" data-text-align=\"right\"><h4><\/h4><\/div><div class=\"nectar-list-item\" data-text-align=\"right\"><a class=\"nectar-list-item-btn\" href=\"\" >Download<\/a><\/div><\/div>\n\t\t<\/div> \n\t<\/div>\n\t<\/div> \n<\/div><\/div><div id=\"fws_69ee4d20d26ba\" data-midnight=\"\" data-column-margin=\"none\" class=\"wpb_row vc_row-fluid vc_row inner_row\"  style=\"\"><div class=\"row-bg-wrap\"> <div class=\"row-bg\" ><\/div> <\/div><div class=\"row_col_wrap_12_inner col span_12  left\">\n\t<div  class=\"vc_col-sm-12 wpb_column column_container vc_column_container col child_column has-animation no-extra-padding inherit_tablet inherit_phone\"   data-padding-pos=\"all\" data-has-bg-color=\"false\" data-bg-color=\"\" data-bg-opacity=\"1\" data-animation=\"fade-in-from-bottom\" data-delay=\"0\" >\n\t\t<div class=\"vc_column-inner\" >\n\t\t<div class=\"wpb_wrapper\">\n\t\t\t<div class=\"nectar-hor-list-item has-btn\" data-hover-effect=\"full_border\" data-br=\"5px\" data-font-family=\"p\" data-color=\"accent-color\" data-columns=\"4\" data-column-layout=\"large_first\"><div class=\"nectar-list-item\" data-icon=\"true\" data-text-align=\"left\"><span class=\"im-icon-wrap item-icon\" data-size=\"large\"><span><svg role=\"presentation\" version=\"1.1\" xmlns=\"http:\/\/www.w3.org\/2000\/svg\" width=\"32\" height=\"32\" viewbox=\"0 0 32 32\">\n        <path d=\"M25.333 32h-22.667c-0.368 0-0.667-0.3-0.667-0.667v-20.557c0-0.164 0.060-0.321 0.169-0.444l6.667-7.443c0.127-0.141 0.307-0.223 0.497-0.223h16c0.367 0 0.667 0.299 0.667 0.667v28c0 0.367-0.3 0.667-0.667 0.667zM3.333 30.667h21.333v-26.667h-15.035l-6.299 7.031v19.636zM29.333 29.333h-3.333c-0.367 0-0.667-0.3-0.667-0.667s0.3-0.667 0.667-0.667h2.667v-26.667h-15.045l-2.311 2.457c-0.253 0.268-0.675 0.28-0.943 0.028s-0.28-0.675-0.028-0.943l2.508-2.667c0.127-0.135 0.304-0.209 0.485-0.209h16c0.367 0 0.667 0.299 0.667 0.667v28c0 0.367-0.3 0.667-0.667 0.667zM9.333 12h-6c-0.368 0-0.667-0.299-0.667-0.667s0.299-0.667 0.667-0.667h5.333v-6.667c0-0.368 0.299-0.667 0.667-0.667s0.667 0.299 0.667 0.667v7.333c0 0.368-0.299 0.667-0.667 0.667z\"><\/path>\n        <\/svg><\/span><\/span><h3>Educational project<\/h3><\/div><div class=\"nectar-list-item\" data-text-align=\"left\">Proyecto educativo Institucional Denham School 2026<\/div><div class=\"nectar-list-item\" data-text-align=\"right\"><h4><\/h4><\/div><div class=\"nectar-list-item\" data-text-align=\"right\"><a class=\"nectar-list-item-btn\" href=\"https:\/\/denhamschool.cl\/wp-content\/uploads\/2026\/03\/PROYECTO-EDUCATIVO-INSTITUCIONAL-DENHAM-SCHOOL-2026_compressed.pdf\" >Download<\/a><\/div><\/div>\n\t\t<\/div> \n\t<\/div>\n\t<\/div> \n<\/div><\/div><div id=\"fws_69ee4d20d2ff2\" data-midnight=\"\" data-column-margin=\"none\" class=\"wpb_row vc_row-fluid vc_row inner_row\"  style=\"\"><div class=\"row-bg-wrap\"> <div class=\"row-bg\" ><\/div> <\/div><div class=\"row_col_wrap_12_inner col span_12  left\">\n\t<div  class=\"vc_col-sm-12 wpb_column column_container vc_column_container col child_column has-animation no-extra-padding inherit_tablet inherit_phone\"   data-padding-pos=\"all\" data-has-bg-color=\"false\" data-bg-color=\"\" data-bg-opacity=\"1\" data-animation=\"fade-in-from-bottom\" data-delay=\"0\" >\n\t\t<div class=\"vc_column-inner\" >\n\t\t<div class=\"wpb_wrapper\">\n\t\t\t<div class=\"nectar-hor-list-item has-btn\" data-hover-effect=\"full_border\" data-br=\"5px\" data-font-family=\"p\" data-color=\"accent-color\" data-columns=\"4\" data-column-layout=\"large_first\"><div class=\"nectar-list-item\" data-icon=\"true\" data-text-align=\"left\"><span class=\"im-icon-wrap item-icon\" data-size=\"large\"><span><svg role=\"presentation\" version=\"1.1\" xmlns=\"http:\/\/www.w3.org\/2000\/svg\" width=\"32\" height=\"32\" viewbox=\"0 0 32 32\">\n        <path d=\"M25.333 32h-22.667c-0.368 0-0.667-0.3-0.667-0.667v-20.557c0-0.164 0.060-0.321 0.169-0.444l6.667-7.443c0.127-0.141 0.307-0.223 0.497-0.223h16c0.367 0 0.667 0.299 0.667 0.667v28c0 0.367-0.3 0.667-0.667 0.667zM3.333 30.667h21.333v-26.667h-15.035l-6.299 7.031v19.636zM29.333 29.333h-3.333c-0.367 0-0.667-0.3-0.667-0.667s0.3-0.667 0.667-0.667h2.667v-26.667h-15.045l-2.311 2.457c-0.253 0.268-0.675 0.28-0.943 0.028s-0.28-0.675-0.028-0.943l2.508-2.667c0.127-0.135 0.304-0.209 0.485-0.209h16c0.367 0 0.667 0.299 0.667 0.667v28c0 0.367-0.3 0.667-0.667 0.667zM9.333 12h-6c-0.368 0-0.667-0.299-0.667-0.667s0.299-0.667 0.667-0.667h5.333v-6.667c0-0.368 0.299-0.667 0.667-0.667s0.667 0.299 0.667 0.667v7.333c0 0.368-0.299 0.667-0.667 0.667z\"><\/path>\n        <\/svg><\/span><\/span><h3>RICE 2026<\/h3><\/div><div class=\"nectar-list-item\" data-text-align=\"left\">RICE 2026 en actualizaci\u00f3n<\/div><div class=\"nectar-list-item\" data-text-align=\"right\"><h4><\/h4><\/div><div class=\"nectar-list-item\" data-text-align=\"right\"><a class=\"nectar-list-item-btn\" href=\"\" >Download<\/a><\/div><\/div>\n\t\t<\/div> \n\t<\/div>\n\t<\/div> \n<\/div><\/div>\n\t\t\t<\/div> \n\t\t<\/div>\n\t<\/div> \n<\/div><\/div>","protected":false},"excerpt":{"rendered":"Documentos institucionales ReglamentoReglamento de evaluaci\u00f3n Denham School 2026Descarga Convivencia escolarPlan de gesti\u00f3n de la convivencia escolar en actualizaci\u00f3nDescarga Proyecto educativoProyecto educativo Institucional Denham School 2026Descarga RICE 2026RICE 2026 en actualizaci\u00f3nDescarga","protected":false},"author":1,"featured_media":0,"parent":0,"menu_order":0,"comment_status":"closed","ping_status":"closed","template":"","meta":{"_mc_calendar":[],"footnotes":""},"class_list":["post-7953","page","type-page","status-publish"],"yoast_head":"<!-- This site is optimized with the Yoast SEO plugin v26.9 - https:\/\/yoast.com\/product\/yoast-seo-wordpress\/ -->\n<title>Documentos institucionales - Denham school<\/title>\n<meta name=\"robots\" content=\"index, follow, max-snippet:-1, max-image-preview:large, max-video-preview:-1\" \/>\n<link rel=\"canonical\" href=\"https:\/\/denhamschool.cl\/en\/documentos-institucionales\/\" \/>\n<meta property=\"og:locale\" content=\"en_US\" \/>\n<meta property=\"og:type\" content=\"article\" \/>\n<meta property=\"og:title\" content=\"Documentos institucionales - Denham school\" \/>\n<meta property=\"og:url\" content=\"https:\/\/denhamschool.cl\/en\/documentos-institucionales\/\" \/>\n<meta property=\"og:site_name\" content=\"Denham school\" \/>\n<meta property=\"article:publisher\" content=\"https:\/\/www.facebook.com\/denhamschool\" \/>\n<meta property=\"article:modified_time\" content=\"2026-04-06T13:31:10+00:00\" \/>\n<meta name=\"twitter:card\" content=\"summary_large_image\" \/>\n<meta name=\"twitter:label1\" content=\"Est. reading time\" \/>\n\t<meta name=\"twitter:data1\" content=\"2 minutes\" \/>\n<script type=\"application\/ld+json\" class=\"yoast-schema-graph\">{\"@context\":\"https:\/\/schema.org\",\"@graph\":[{\"@type\":\"WebPage\",\"@id\":\"https:\/\/denhamschool.cl\/documentos-institucionales\/\",\"url\":\"https:\/\/denhamschool.cl\/documentos-institucionales\/\",\"name\":\"Documentos institucionales - Denham school\",\"isPartOf\":{\"@id\":\"https:\/\/denhamschool.cl\/#website\"},\"datePublished\":\"2025-05-28T04:53:53+00:00\",\"dateModified\":\"2026-04-06T13:31:10+00:00\",\"breadcrumb\":{\"@id\":\"https:\/\/denhamschool.cl\/documentos-institucionales\/#breadcrumb\"},\"inLanguage\":\"en-US\",\"potentialAction\":[{\"@type\":\"ReadAction\",\"target\":[\"https:\/\/denhamschool.cl\/documentos-institucionales\/\"]}]},{\"@type\":\"BreadcrumbList\",\"@id\":\"https:\/\/denhamschool.cl\/documentos-institucionales\/#breadcrumb\",\"itemListElement\":[{\"@type\":\"ListItem\",\"position\":1,\"name\":\"Portada\",\"item\":\"https:\/\/denhamschool.cl\/\"},{\"@type\":\"ListItem\",\"position\":2,\"name\":\"Documentos institucionales\"}]},{\"@type\":\"WebSite\",\"@id\":\"https:\/\/denhamschool.cl\/#website\",\"url\":\"https:\/\/denhamschool.cl\/\",\"name\":\"Denham school\",\"description\":\"\",\"publisher\":{\"@id\":\"https:\/\/denhamschool.cl\/#organization\"},\"potentialAction\":[{\"@type\":\"SearchAction\",\"target\":{\"@type\":\"EntryPoint\",\"urlTemplate\":\"https:\/\/denhamschool.cl\/?s={search_term_string}\"},\"query-input\":{\"@type\":\"PropertyValueSpecification\",\"valueRequired\":true,\"valueName\":\"search_term_string\"}}],\"inLanguage\":\"en-US\"},{\"@type\":\"Organization\",\"@id\":\"https:\/\/denhamschool.cl\/#organization\",\"name\":\"Denham school\",\"url\":\"https:\/\/denhamschool.cl\/\",\"logo\":{\"@type\":\"ImageObject\",\"inLanguage\":\"en-US\",\"@id\":\"https:\/\/denhamschool.cl\/#\/schema\/logo\/image\/\",\"url\":\"https:\/\/denhamschool.cl\/wp-content\/uploads\/2025\/11\/cropped-logo-ds_Mesa-de-trabajo-1-02.jpg\",\"contentUrl\":\"https:\/\/denhamschool.cl\/wp-content\/uploads\/2025\/11\/cropped-logo-ds_Mesa-de-trabajo-1-02.jpg\",\"width\":512,\"height\":512,\"caption\":\"Denham school\"},\"image\":{\"@id\":\"https:\/\/denhamschool.cl\/#\/schema\/logo\/image\/\"},\"sameAs\":[\"https:\/\/www.facebook.com\/denhamschool\",\"https:\/\/www.instagram.com\/denhamschool\",\"https:\/\/www.youtube.com\/@denhamschool2976\"]}]}<\/script>\n<!-- \/ Yoast SEO plugin. -->","yoast_head_json":{"title":"Documentos institucionales - Denham school","robots":{"index":"index","follow":"follow","max-snippet":"max-snippet:-1","max-image-preview":"max-image-preview:large","max-video-preview":"max-video-preview:-1"},"canonical":"https:\/\/denhamschool.cl\/en\/documentos-institucionales\/","og_locale":"en_US","og_type":"article","og_title":"Documentos institucionales - Denham school","og_url":"https:\/\/denhamschool.cl\/en\/documentos-institucionales\/","og_site_name":"Denham school","article_publisher":"https:\/\/www.facebook.com\/denhamschool","article_modified_time":"2026-04-06T13:31:10+00:00","twitter_card":"summary_large_image","twitter_misc":{"Est. reading time":"2 minutes"},"schema":{"@context":"https:\/\/schema.org","@graph":[{"@type":"WebPage","@id":"https:\/\/denhamschool.cl\/documentos-institucionales\/","url":"https:\/\/denhamschool.cl\/documentos-institucionales\/","name":"Documentos institucionales - Denham school","isPartOf":{"@id":"https:\/\/denhamschool.cl\/#website"},"datePublished":"2025-05-28T04:53:53+00:00","dateModified":"2026-04-06T13:31:10+00:00","breadcrumb":{"@id":"https:\/\/denhamschool.cl\/documentos-institucionales\/#breadcrumb"},"inLanguage":"en-US","potentialAction":[{"@type":"ReadAction","target":["https:\/\/denhamschool.cl\/documentos-institucionales\/"]}]},{"@type":"BreadcrumbList","@id":"https:\/\/denhamschool.cl\/documentos-institucionales\/#breadcrumb","itemListElement":[{"@type":"ListItem","position":1,"name":"Portada","item":"https:\/\/denhamschool.cl\/"},{"@type":"ListItem","position":2,"name":"Documentos institucionales"}]},{"@type":"WebSite","@id":"https:\/\/denhamschool.cl\/#website","url":"https:\/\/denhamschool.cl\/","name":"Denham school","description":"","publisher":{"@id":"https:\/\/denhamschool.cl\/#organization"},"potentialAction":[{"@type":"SearchAction","target":{"@type":"EntryPoint","urlTemplate":"https:\/\/denhamschool.cl\/?s={search_term_string}"},"query-input":{"@type":"PropertyValueSpecification","valueRequired":true,"valueName":"search_term_string"}}],"inLanguage":"en-US"},{"@type":"Organization","@id":"https:\/\/denhamschool.cl\/#organization","name":"Denham school","url":"https:\/\/denhamschool.cl\/","logo":{"@type":"ImageObject","inLanguage":"en-US","@id":"https:\/\/denhamschool.cl\/#\/schema\/logo\/image\/","url":"https:\/\/denhamschool.cl\/wp-content\/uploads\/2025\/11\/cropped-logo-ds_Mesa-de-trabajo-1-02.jpg","contentUrl":"https:\/\/denhamschool.cl\/wp-content\/uploads\/2025\/11\/cropped-logo-ds_Mesa-de-trabajo-1-02.jpg","width":512,"height":512,"caption":"Denham school"},"image":{"@id":"https:\/\/denhamschool.cl\/#\/schema\/logo\/image\/"},"sameAs":["https:\/\/www.facebook.com\/denhamschool","https:\/\/www.instagram.com\/denhamschool","https:\/\/www.youtube.com\/@denhamschool2976"]}]}},"_links":{"self":[{"href":"https:\/\/denhamschool.cl\/en\/wp-json\/wp\/v2\/pages\/7953","targetHints":{"allow":["GET"]}}],"collection":[{"href":"https:\/\/denhamschool.cl\/en\/wp-json\/wp\/v2\/pages"}],"about":[{"href":"https:\/\/denhamschool.cl\/en\/wp-json\/wp\/v2\/types\/page"}],"author":[{"embeddable":true,"href":"https:\/\/denhamschool.cl\/en\/wp-json\/wp\/v2\/users\/1"}],"replies":[{"embeddable":true,"href":"https:\/\/denhamschool.cl\/en\/wp-json\/wp\/v2\/comments?post=7953"}],"version-history":[{"count":20,"href":"https:\/\/denhamschool.cl\/en\/wp-json\/wp\/v2\/pages\/7953\/revisions"}],"predecessor-version":[{"id":9904,"href":"https:\/\/denhamschool.cl\/en\/wp-json\/wp\/v2\/pages\/7953\/revisions\/9904"}],"wp:attachment":[{"href":"https:\/\/denhamschool.cl\/en\/wp-json\/wp\/v2\/media?parent=7953"}],"curies":[{"name":"wp","href":"https:\/\/api.w.org\/{rel}","templated":true}]}}